{"id":1118,"date":"2023-03-31T08:48:01","date_gmt":"2023-03-31T08:48:01","guid":{"rendered":"https:\/\/apteo.co.uk\/bio\/?page_id=7"},"modified":"2023-03-31T08:48:01","modified_gmt":"2023-03-31T08:48:01","slug":"aktualnosci","status":"publish","type":"page","link":"https:\/\/biotechevolution.eu\/en\/aktualnosci\/","title":{"rendered":"Aktualno\u015bci"},"content":{"rendered":"<div data-elementor-type=\"wp-post\" data-elementor-id=\"1118\" class=\"elementor elementor-1118\" data-elementor-post-type=\"page\">\n\t\t\t\t\t\t<section class=\"elementor-section elementor-top-section elementor-element elementor-element-62472d5 elementor-section-boxed elementor-section-height-default elementor-section-height-default\" data-id=\"62472d5\" data-element_type=\"section\" data-e-type=\"section\">\n\t\t\t\t\t\t<div class=\"elementor-container elementor-column-gap-default\">\n\t\t\t\t\t<div class=\"elementor-column elementor-col-100 elementor-top-column elementor-element elementor-element-e2c89f1\" data-id=\"e2c89f1\" data-element_type=\"column\" data-e-type=\"column\">\n\t\t\t<div class=\"elementor-widget-wrap elementor-element-populated\">\n\t\t\t\t\t\t<div class=\"elementor-element elementor-element-b358a6e elementor-grid-2 elementor-grid-tablet-2 elementor-grid-mobile-1 elementor-posts--thumbnail-top elementor-posts--show-avatar elementor-card-shadow-yes elementor-posts__hover-gradient elementor-widget elementor-widget-posts\" data-id=\"b358a6e\" data-element_type=\"widget\" data-e-type=\"widget\" data-settings=\"{&quot;cards_columns&quot;:&quot;2&quot;,&quot;cards_columns_tablet&quot;:&quot;2&quot;,&quot;cards_columns_mobile&quot;:&quot;1&quot;,&quot;cards_row_gap&quot;:{&quot;unit&quot;:&quot;px&quot;,&quot;size&quot;:35,&quot;sizes&quot;:[]},&quot;cards_row_gap_tablet&quot;:{&quot;unit&quot;:&quot;px&quot;,&quot;size&quot;:&quot;&quot;,&quot;sizes&quot;:[]},&quot;cards_row_gap_mobile&quot;:{&quot;unit&quot;:&quot;px&quot;,&quot;size&quot;:&quot;&quot;,&quot;sizes&quot;:[]}}\" data-widget_type=\"posts.cards\">\n\t\t\t\t<div class=\"elementor-widget-container\">\n\t\t\t\t\t\t\t<div class=\"elementor-posts-container elementor-posts elementor-posts--skin-cards elementor-grid\" role=\"list\">\n\t\t\t\t<article class=\"elementor-post elementor-grid-item post-1401 post type-post status-publish format-standard has-post-thumbnail hentry category-produkcja-kontraktowa\" role=\"listitem\">\n\t\t\t<div class=\"elementor-post__card\">\n\t\t\t\t<a class=\"elementor-post__thumbnail__link\" href=\"https:\/\/biotechevolution.eu\/en\/produkcja-olejkow-eterycznych\/\" tabindex=\"-1\" ><div class=\"elementor-post__thumbnail\"><img fetchpriority=\"high\" decoding=\"async\" width=\"300\" height=\"200\" src=\"https:\/\/biotechevolution.eu\/wp-content\/uploads\/2023\/03\/Hemp_Evolution_Day-2_1686_produkty-konopne-300x200.jpg\" class=\"attachment-medium size-medium wp-image-1452\" alt=\"Produkcja olejk\u00f3w eterycznych BiotechEvolution Ekstracja CO2\" srcset=\"https:\/\/biotechevolution.eu\/wp-content\/uploads\/2023\/03\/Hemp_Evolution_Day-2_1686_produkty-konopne-300x200.jpg 300w, https:\/\/biotechevolution.eu\/wp-content\/uploads\/2023\/03\/Hemp_Evolution_Day-2_1686_produkty-konopne-800x533.jpg 800w, https:\/\/biotechevolution.eu\/wp-content\/uploads\/2023\/03\/Hemp_Evolution_Day-2_1686_produkty-konopne-768x512.jpg 768w, https:\/\/biotechevolution.eu\/wp-content\/uploads\/2023\/03\/Hemp_Evolution_Day-2_1686_produkty-konopne.jpg 1280w\" sizes=\"(max-width: 300px) 100vw, 300px\" \/><\/div><\/a>\n\t\t\t\t<div class=\"elementor-post__badge\">PRODUKCJA KONTRAKTOWA<\/div>\n\t\t\t\t<div class=\"elementor-post__avatar\">\n\t\t\t<img alt='admin' src='https:\/\/biotechevolution.eu\/wp-content\/uploads\/2023\/03\/icon-e1680275599235.png' srcset='https:\/\/biotechevolution.eu\/wp-content\/uploads\/2023\/03\/icon-e1680275599235.png 300w, https:\/\/biotechevolution.eu\/wp-content\/uploads\/2023\/03\/icon-e1680275599235-150x150.png 150w' class='avatar avatar-128 photo' height='128' width='128' \/>\t\t<\/div>\n\t\t\t\t<div class=\"elementor-post__text\">\n\t\t\t\t<h3 class=\"elementor-post__title\">\n\t\t\t<a href=\"https:\/\/biotechevolution.eu\/en\/produkcja-olejkow-eterycznych\/\" >\n\t\t\t\tManufacture of essential oils and plant extracts\t\t\t<\/a>\n\t\t<\/h3>\n\t\t\t\t<div class=\"elementor-post__excerpt\">\n\t\t\t<p>Specjalizujemy si\u0119 tak\u017ce w produkcji naturalnych i ekologicznych olejk\u00f3w eterycznych i kosmetycznych. Dlaczego warto wybra\u0107 nasze olejki? Nasza oferta to gwarancja najwy\u017cszej jako\u015bci i autentycznego<\/p>\n\t\t<\/div>\n\t\t\n\t\t<a class=\"elementor-post__read-more\" href=\"https:\/\/biotechevolution.eu\/en\/produkcja-olejkow-eterycznych\/\" aria-label=\"Read more about Produkcja olejk\u00f3w eterycznych\" tabindex=\"-1\" >\n\t\t\tCzytaj wi\u0119cej \u00bb\t\t<\/a>\n\n\t\t\t\t<\/div>\n\t\t\t\t<div class=\"elementor-post__meta-data\">\n\t\t\t\t\t<span class=\"elementor-post-date\">\n\t\t\t17 April 2023\t\t<\/span>\n\t\t\t\t<span class=\"elementor-post-avatar\">\n\t\t\tNo Comments\t\t<\/span>\n\t\t\t\t<\/div>\n\t\t\t\t\t<\/div>\n\t\t<\/article>\n\t\t\t\t<article class=\"elementor-post elementor-grid-item post-208 post type-post status-publish format-standard has-post-thumbnail hentry category-produkcja-kontraktowa\" role=\"listitem\">\n\t\t\t<div class=\"elementor-post__card\">\n\t\t\t\t<a class=\"elementor-post__thumbnail__link\" href=\"https:\/\/biotechevolution.eu\/en\/analizy-chromatograficzne-hplc\/\" tabindex=\"-1\" ><div class=\"elementor-post__thumbnail\"><img decoding=\"async\" width=\"300\" height=\"169\" src=\"https:\/\/biotechevolution.eu\/wp-content\/uploads\/2023\/03\/Hemp-300x169.jpg\" class=\"attachment-medium size-medium wp-image-210\" alt=\"Analizy chromatograficzne HPLC\" srcset=\"https:\/\/biotechevolution.eu\/wp-content\/uploads\/2023\/03\/Hemp-300x169.jpg 300w, https:\/\/biotechevolution.eu\/wp-content\/uploads\/2023\/03\/Hemp-1024x576.jpg 1024w, https:\/\/biotechevolution.eu\/wp-content\/uploads\/2023\/03\/Hemp-768x432.jpg 768w, https:\/\/biotechevolution.eu\/wp-content\/uploads\/2023\/03\/Hemp.jpg 1200w\" sizes=\"(max-width: 300px) 100vw, 300px\" \/><\/div><\/a>\n\t\t\t\t<div class=\"elementor-post__badge\">PRODUKCJA KONTRAKTOWA<\/div>\n\t\t\t\t<div class=\"elementor-post__avatar\">\n\t\t\t<img alt='admin' src='https:\/\/biotechevolution.eu\/wp-content\/uploads\/2023\/03\/icon-e1680275599235.png' srcset='https:\/\/biotechevolution.eu\/wp-content\/uploads\/2023\/03\/icon-e1680275599235.png 300w, https:\/\/biotechevolution.eu\/wp-content\/uploads\/2023\/03\/icon-e1680275599235-150x150.png 150w' class='avatar avatar-128 photo' height='128' width='128' \/>\t\t<\/div>\n\t\t\t\t<div class=\"elementor-post__text\">\n\t\t\t\t<h3 class=\"elementor-post__title\">\n\t\t\t<a href=\"https:\/\/biotechevolution.eu\/en\/analizy-chromatograficzne-hplc\/\" >\n\t\t\t\tHPLC Chromatographic analyses\t\t\t<\/a>\n\t\t<\/h3>\n\t\t\t\t<div class=\"elementor-post__excerpt\">\n\t\t\t<p>Our advanced laboratory is equipped with a modern high-performance liquid chromatograph (HPLC), allowing us to perform precise analyses that guarantee the highest quality and effectiveness of our products<\/p>\n\t\t<\/div>\n\t\t\n\t\t<a class=\"elementor-post__read-more\" href=\"https:\/\/biotechevolution.eu\/en\/analizy-chromatograficzne-hplc\/\" aria-label=\"Read more about Analizy chromatograficzne HPLC\" tabindex=\"-1\" >\n\t\t\tCzytaj wi\u0119cej \u00bb\t\t<\/a>\n\n\t\t\t\t<\/div>\n\t\t\t\t<div class=\"elementor-post__meta-data\">\n\t\t\t\t\t<span class=\"elementor-post-date\">\n\t\t\t31 March 2023\t\t<\/span>\n\t\t\t\t<span class=\"elementor-post-avatar\">\n\t\t\tNo Comments\t\t<\/span>\n\t\t\t\t<\/div>\n\t\t\t\t\t<\/div>\n\t\t<\/article>\n\t\t\t\t<article class=\"elementor-post elementor-grid-item post-206 post type-post status-publish format-standard has-post-thumbnail hentry category-produkcja-kontraktowa\" role=\"listitem\">\n\t\t\t<div class=\"elementor-post__card\">\n\t\t\t\t<a class=\"elementor-post__thumbnail__link\" href=\"https:\/\/biotechevolution.eu\/en\/opracowywanie-receptur\/\" tabindex=\"-1\" ><div class=\"elementor-post__thumbnail\"><img decoding=\"async\" width=\"300\" height=\"266\" src=\"https:\/\/biotechevolution.eu\/wp-content\/uploads\/2023\/03\/Hemp_Evolution_Day-2_1640_opracowanie-receptur-300x266.jpg\" class=\"attachment-medium size-medium wp-image-1445\" alt=\"BiotechEvolution Ekstracja CO2\" srcset=\"https:\/\/biotechevolution.eu\/wp-content\/uploads\/2023\/03\/Hemp_Evolution_Day-2_1640_opracowanie-receptur-300x266.jpg 300w, https:\/\/biotechevolution.eu\/wp-content\/uploads\/2023\/03\/Hemp_Evolution_Day-2_1640_opracowanie-receptur-800x710.jpg 800w, https:\/\/biotechevolution.eu\/wp-content\/uploads\/2023\/03\/Hemp_Evolution_Day-2_1640_opracowanie-receptur-768x681.jpg 768w, https:\/\/biotechevolution.eu\/wp-content\/uploads\/2023\/03\/Hemp_Evolution_Day-2_1640_opracowanie-receptur-1536x1363.jpg 1536w, https:\/\/biotechevolution.eu\/wp-content\/uploads\/2023\/03\/Hemp_Evolution_Day-2_1640_opracowanie-receptur-2048x1817.jpg 2048w\" sizes=\"(max-width: 300px) 100vw, 300px\" \/><\/div><\/a>\n\t\t\t\t<div class=\"elementor-post__badge\">PRODUKCJA KONTRAKTOWA<\/div>\n\t\t\t\t<div class=\"elementor-post__avatar\">\n\t\t\t<img alt='admin' src='https:\/\/biotechevolution.eu\/wp-content\/uploads\/2023\/03\/icon-e1680275599235.png' srcset='https:\/\/biotechevolution.eu\/wp-content\/uploads\/2023\/03\/icon-e1680275599235.png 300w, https:\/\/biotechevolution.eu\/wp-content\/uploads\/2023\/03\/icon-e1680275599235-150x150.png 150w' class='avatar avatar-128 photo' height='128' width='128' \/>\t\t<\/div>\n\t\t\t\t<div class=\"elementor-post__text\">\n\t\t\t\t<h3 class=\"elementor-post__title\">\n\t\t\t<a href=\"https:\/\/biotechevolution.eu\/en\/opracowywanie-receptur\/\" >\n\t\t\t\tFormulas development\t\t\t<\/a>\n\t\t<\/h3>\n\t\t\t\t<div class=\"elementor-post__excerpt\">\n\t\t\t<p>Posiadamy w\u0142asne laboratorium i zesp\u00f3\u0142 ekspert\u00f3w, kt\u00f3ry stawia na innowacyjno\u015b\u0107, korzystaj\u0105c z najnowszych bada\u0144 naukowych i trend\u00f3w, aby opracowywa\u0107 formulacje, kt\u00f3re nie tylko dzia\u0142aj\u0105, ale<\/p>\n\t\t<\/div>\n\t\t\n\t\t<a class=\"elementor-post__read-more\" href=\"https:\/\/biotechevolution.eu\/en\/opracowywanie-receptur\/\" aria-label=\"Read more about Opracowywanie receptur\" tabindex=\"-1\" >\n\t\t\tCzytaj wi\u0119cej \u00bb\t\t<\/a>\n\n\t\t\t\t<\/div>\n\t\t\t\t<div class=\"elementor-post__meta-data\">\n\t\t\t\t\t<span class=\"elementor-post-date\">\n\t\t\t31 March 2023\t\t<\/span>\n\t\t\t\t<span class=\"elementor-post-avatar\">\n\t\t\tNo Comments\t\t<\/span>\n\t\t\t\t<\/div>\n\t\t\t\t\t<\/div>\n\t\t<\/article>\n\t\t\t\t<article class=\"elementor-post elementor-grid-item post-204 post type-post status-publish format-standard has-post-thumbnail hentry category-produkcja-kontraktowa\" role=\"listitem\">\n\t\t\t<div class=\"elementor-post__card\">\n\t\t\t\t<a class=\"elementor-post__thumbnail__link\" href=\"https:\/\/biotechevolution.eu\/en\/produkcja-kontraktowa\/\" tabindex=\"-1\" ><div class=\"elementor-post__thumbnail\"><img loading=\"lazy\" decoding=\"async\" width=\"300\" height=\"172\" src=\"https:\/\/biotechevolution.eu\/wp-content\/uploads\/2023\/03\/Hemp_Evolution_Day-2_1575_produkcja-kontraktowa-300x172.jpg\" class=\"attachment-medium size-medium wp-image-1449\" alt=\"produkcja kontraktowa BiotechEvolution Ekstracja CO2\" srcset=\"https:\/\/biotechevolution.eu\/wp-content\/uploads\/2023\/03\/Hemp_Evolution_Day-2_1575_produkcja-kontraktowa-300x172.jpg 300w, https:\/\/biotechevolution.eu\/wp-content\/uploads\/2023\/03\/Hemp_Evolution_Day-2_1575_produkcja-kontraktowa-800x459.jpg 800w, https:\/\/biotechevolution.eu\/wp-content\/uploads\/2023\/03\/Hemp_Evolution_Day-2_1575_produkcja-kontraktowa-768x441.jpg 768w, https:\/\/biotechevolution.eu\/wp-content\/uploads\/2023\/03\/Hemp_Evolution_Day-2_1575_produkcja-kontraktowa.jpg 1280w\" sizes=\"(max-width: 300px) 100vw, 300px\" \/><\/div><\/a>\n\t\t\t\t<div class=\"elementor-post__badge\">PRODUKCJA KONTRAKTOWA<\/div>\n\t\t\t\t<div class=\"elementor-post__avatar\">\n\t\t\t<img alt='admin' src='https:\/\/biotechevolution.eu\/wp-content\/uploads\/2023\/03\/icon-e1680275599235.png' srcset='https:\/\/biotechevolution.eu\/wp-content\/uploads\/2023\/03\/icon-e1680275599235.png 300w, https:\/\/biotechevolution.eu\/wp-content\/uploads\/2023\/03\/icon-e1680275599235-150x150.png 150w' class='avatar avatar-128 photo' height='128' width='128' \/>\t\t<\/div>\n\t\t\t\t<div class=\"elementor-post__text\">\n\t\t\t\t<h3 class=\"elementor-post__title\">\n\t\t\t<a href=\"https:\/\/biotechevolution.eu\/en\/produkcja-kontraktowa\/\" >\n\t\t\t\tContract Manufacturing\t\t\t<\/a>\n\t\t<\/h3>\n\t\t\t\t<div class=\"elementor-post__excerpt\">\n\t\t\t<p>Jeste\u015bmy profesjonalnym producentem suplement\u00f3w diety z w\u0142asnym laboratorium i do\u015bwiadczonym zespo\u0142em, specjalizuj\u0105cym si\u0119 w produkcji kapsu\u0142ek typu soft gel, ekstrakcji produkt\u00f3w konopnych i zi\u00f3\u0142, a<\/p>\n\t\t<\/div>\n\t\t\n\t\t<a class=\"elementor-post__read-more\" href=\"https:\/\/biotechevolution.eu\/en\/produkcja-kontraktowa\/\" aria-label=\"Read more about Produkcja kontraktowa\" tabindex=\"-1\" >\n\t\t\tCzytaj wi\u0119cej \u00bb\t\t<\/a>\n\n\t\t\t\t<\/div>\n\t\t\t\t<div class=\"elementor-post__meta-data\">\n\t\t\t\t\t<span class=\"elementor-post-date\">\n\t\t\t31 March 2023\t\t<\/span>\n\t\t\t\t<span class=\"elementor-post-avatar\">\n\t\t\tNo Comments\t\t<\/span>\n\t\t\t\t<\/div>\n\t\t\t\t\t<\/div>\n\t\t<\/article>\n\t\t\t\t<article class=\"elementor-post elementor-grid-item post-202 post type-post status-publish format-standard has-post-thumbnail hentry category-produkcja-kontraktowa\" role=\"listitem\">\n\t\t\t<div class=\"elementor-post__card\">\n\t\t\t\t<a class=\"elementor-post__thumbnail__link\" href=\"https:\/\/biotechevolution.eu\/en\/produkcja-kapsulek-miekkich\/\" tabindex=\"-1\" ><div class=\"elementor-post__thumbnail\"><img loading=\"lazy\" decoding=\"async\" width=\"300\" height=\"224\" src=\"https:\/\/biotechevolution.eu\/wp-content\/uploads\/2023\/03\/Hemp_Evolution_Day-2_1998_kapsulki_miekkie-300x224.jpg\" class=\"attachment-medium size-medium wp-image-1450\" alt=\"kapsulki_miekkie BiotechEvolution Ekstracja CO2\" srcset=\"https:\/\/biotechevolution.eu\/wp-content\/uploads\/2023\/03\/Hemp_Evolution_Day-2_1998_kapsulki_miekkie-300x224.jpg 300w, https:\/\/biotechevolution.eu\/wp-content\/uploads\/2023\/03\/Hemp_Evolution_Day-2_1998_kapsulki_miekkie-800x598.jpg 800w, https:\/\/biotechevolution.eu\/wp-content\/uploads\/2023\/03\/Hemp_Evolution_Day-2_1998_kapsulki_miekkie-768x574.jpg 768w, https:\/\/biotechevolution.eu\/wp-content\/uploads\/2023\/03\/Hemp_Evolution_Day-2_1998_kapsulki_miekkie.jpg 1280w\" sizes=\"(max-width: 300px) 100vw, 300px\" \/><\/div><\/a>\n\t\t\t\t<div class=\"elementor-post__badge\">PRODUKCJA KONTRAKTOWA<\/div>\n\t\t\t\t<div class=\"elementor-post__avatar\">\n\t\t\t<img alt='admin' src='https:\/\/biotechevolution.eu\/wp-content\/uploads\/2023\/03\/icon-e1680275599235.png' srcset='https:\/\/biotechevolution.eu\/wp-content\/uploads\/2023\/03\/icon-e1680275599235.png 300w, https:\/\/biotechevolution.eu\/wp-content\/uploads\/2023\/03\/icon-e1680275599235-150x150.png 150w' class='avatar avatar-128 photo' height='128' width='128' \/>\t\t<\/div>\n\t\t\t\t<div class=\"elementor-post__text\">\n\t\t\t\t<h3 class=\"elementor-post__title\">\n\t\t\t<a href=\"https:\/\/biotechevolution.eu\/en\/produkcja-kapsulek-miekkich\/\" >\n\t\t\t\tSoftgels production\t\t\t<\/a>\n\t\t<\/h3>\n\t\t\t\t<div class=\"elementor-post__excerpt\">\n\t\t\t<p>Gwarantujemy najwy\u017cszy poziom us\u0142ugi kontraktowej produkcji kapsu\u0142ek mi\u0119kkich! Kapsu\u0142ki wytwarzamy metod\u0105 matrycow\u0105 z u\u017cyciem specjalnie dobranej, bezzapachowej i bezsmakowej \u017celatyny wo\u0142owej, kt\u00f3ra jest neutralna dla<\/p>\n\t\t<\/div>\n\t\t\n\t\t<a class=\"elementor-post__read-more\" href=\"https:\/\/biotechevolution.eu\/en\/produkcja-kapsulek-miekkich\/\" aria-label=\"Read more about Produkcja kapsu\u0142ek mi\u0119kkich\" tabindex=\"-1\" >\n\t\t\tCzytaj wi\u0119cej \u00bb\t\t<\/a>\n\n\t\t\t\t<\/div>\n\t\t\t\t<div class=\"elementor-post__meta-data\">\n\t\t\t\t\t<span class=\"elementor-post-date\">\n\t\t\t31 March 2023\t\t<\/span>\n\t\t\t\t<span class=\"elementor-post-avatar\">\n\t\t\tNo Comments\t\t<\/span>\n\t\t\t\t<\/div>\n\t\t\t\t\t<\/div>\n\t\t<\/article>\n\t\t\t\t<article class=\"elementor-post elementor-grid-item post-200 post type-post status-publish format-standard has-post-thumbnail hentry category-produkcja-kontraktowa\" role=\"listitem\">\n\t\t\t<div class=\"elementor-post__card\">\n\t\t\t\t<a class=\"elementor-post__thumbnail__link\" href=\"https:\/\/biotechevolution.eu\/en\/ekstracja-co2\/\" tabindex=\"-1\" ><div class=\"elementor-post__thumbnail\"><img loading=\"lazy\" decoding=\"async\" width=\"300\" height=\"197\" src=\"https:\/\/biotechevolution.eu\/wp-content\/uploads\/2023\/03\/Hemp_Evolution_912_F1_ekstrakcjaCo2-300x197.jpg\" class=\"attachment-medium size-medium wp-image-1446\" alt=\"Hemp_Evolution BiotechEvolution Ekstracja CO2\" srcset=\"https:\/\/biotechevolution.eu\/wp-content\/uploads\/2023\/03\/Hemp_Evolution_912_F1_ekstrakcjaCo2-300x197.jpg 300w, https:\/\/biotechevolution.eu\/wp-content\/uploads\/2023\/03\/Hemp_Evolution_912_F1_ekstrakcjaCo2-800x526.jpg 800w, https:\/\/biotechevolution.eu\/wp-content\/uploads\/2023\/03\/Hemp_Evolution_912_F1_ekstrakcjaCo2-768x505.jpg 768w, https:\/\/biotechevolution.eu\/wp-content\/uploads\/2023\/03\/Hemp_Evolution_912_F1_ekstrakcjaCo2-1536x1010.jpg 1536w, https:\/\/biotechevolution.eu\/wp-content\/uploads\/2023\/03\/Hemp_Evolution_912_F1_ekstrakcjaCo2-2048x1347.jpg 2048w\" sizes=\"(max-width: 300px) 100vw, 300px\" \/><\/div><\/a>\n\t\t\t\t<div class=\"elementor-post__badge\">PRODUKCJA KONTRAKTOWA<\/div>\n\t\t\t\t<div class=\"elementor-post__avatar\">\n\t\t\t<img alt='admin' src='https:\/\/biotechevolution.eu\/wp-content\/uploads\/2023\/03\/icon-e1680275599235.png' srcset='https:\/\/biotechevolution.eu\/wp-content\/uploads\/2023\/03\/icon-e1680275599235.png 300w, https:\/\/biotechevolution.eu\/wp-content\/uploads\/2023\/03\/icon-e1680275599235-150x150.png 150w' class='avatar avatar-128 photo' height='128' width='128' \/>\t\t<\/div>\n\t\t\t\t<div class=\"elementor-post__text\">\n\t\t\t\t<h3 class=\"elementor-post__title\">\n\t\t\t<a href=\"https:\/\/biotechevolution.eu\/en\/ekstracja-co2\/\" >\n\t\t\t\tCO2 Extraction\t\t\t<\/a>\n\t\t<\/h3>\n\t\t\t\t<div class=\"elementor-post__excerpt\">\n\t\t\t<p>Posiadamy wysokiej klasy europejski ekstraktor CO2 (2x50L), kt\u00f3ry ma dopuszczenie do pracy z wysokimi ci\u015bnieniami, mo\u017cemy ekstrahowa\u0107 dowolny materia\u0142 ro\u015blinny, tworzy\u0107 w\u0142asne ekstrakty. Jako jedyny<\/p>\n\t\t<\/div>\n\t\t\n\t\t<a class=\"elementor-post__read-more\" href=\"https:\/\/biotechevolution.eu\/en\/ekstracja-co2\/\" aria-label=\"Read more about Ekstracja CO2\" tabindex=\"-1\" >\n\t\t\tCzytaj wi\u0119cej \u00bb\t\t<\/a>\n\n\t\t\t\t<\/div>\n\t\t\t\t<div class=\"elementor-post__meta-data\">\n\t\t\t\t\t<span class=\"elementor-post-date\">\n\t\t\t31 March 2023\t\t<\/span>\n\t\t\t\t<span class=\"elementor-post-avatar\">\n\t\t\tNo Comments\t\t<\/span>\n\t\t\t\t<\/div>\n\t\t\t\t\t<\/div>\n\t\t<\/article>\n\t\t\t\t<\/div>\n\t\t\n\t\t\t\t\t\t<\/div>\n\t\t\t\t<\/div>\n\t\t\t\t\t<\/div>\n\t\t<\/div>\n\t\t\t\t\t<\/div>\n\t\t<\/section>\n\t\t\t\t<\/div>","protected":false},"excerpt":{"rendered":"","protected":false},"author":2,"featured_media":0,"parent":0,"menu_order":2,"comment_status":"closed","ping_status":"closed","template":"","meta":{"footnotes":""},"class_list":["post-1118","page","type-page","status-publish","hentry"],"_links":{"self":[{"href":"https:\/\/biotechevolution.eu\/en\/wp-json\/wp\/v2\/pages\/1118","targetHints":{"allow":["GET"]}}],"collection":[{"href":"https:\/\/biotechevolution.eu\/en\/wp-json\/wp\/v2\/pages"}],"about":[{"href":"https:\/\/biotechevolution.eu\/en\/wp-json\/wp\/v2\/types\/page"}],"author":[{"embeddable":true,"href":"https:\/\/biotechevolution.eu\/en\/wp-json\/wp\/v2\/users\/2"}],"replies":[{"embeddable":true,"href":"https:\/\/biotechevolution.eu\/en\/wp-json\/wp\/v2\/comments?post=1118"}],"version-history":[{"count":0,"href":"https:\/\/biotechevolution.eu\/en\/wp-json\/wp\/v2\/pages\/1118\/revisions"}],"wp:attachment":[{"href":"https:\/\/biotechevolution.eu\/en\/wp-json\/wp\/v2\/media?parent=1118"}],"curies":[{"name":"wp","href":"https:\/\/api.w.org\/{rel}","templated":true}]}}