{"id":3,"date":"2023-03-31T10:43:06","date_gmt":"2023-03-31T10:43:06","guid":{"rendered":"https:\/\/apteo.co.uk\/bio\/?page_id=3"},"modified":"2023-12-19T21:41:23","modified_gmt":"2023-12-19T20:41:23","slug":"privacy-policy","status":"publish","type":"page","link":"https:\/\/biotechevolution.eu\/en\/privacy-policy\/","title":{"rendered":"Polityka prywatno\u015bci"},"content":{"rendered":"<div data-elementor-type=\"wp-page\" data-elementor-id=\"3\" class=\"elementor elementor-3\" data-elementor-post-type=\"page\">\n\t\t\t\t\t\t<section class=\"elementor-section elementor-top-section elementor-element elementor-element-de0a194 elementor-section-boxed elementor-section-height-default elementor-section-height-default\" data-id=\"de0a194\" data-element_type=\"section\" data-e-type=\"section\">\n\t\t\t\t\t\t<div class=\"elementor-container elementor-column-gap-default\">\n\t\t\t\t\t<div class=\"elementor-column elementor-col-100 elementor-top-column elementor-element elementor-element-57112974\" data-id=\"57112974\" data-element_type=\"column\" data-e-type=\"column\">\n\t\t\t<div class=\"elementor-widget-wrap elementor-element-populated\">\n\t\t\t\t\t\t<div class=\"elementor-element elementor-element-4f0b3e19 elementor-widget elementor-widget-text-editor\" data-id=\"4f0b3e19\" data-element_type=\"widget\" data-e-type=\"widget\" data-widget_type=\"text-editor.default\">\n\t\t\t\t<div class=\"elementor-widget-container\">\n\t\t\t\t\t\t\t\t\t<div>\n<h2><strong style=\"color: var( --e-global-color-text ); font-size: 1rem;\">Administratorem danych osobowych<\/strong><span style=\"color: var( --e-global-color-text ); font-size: 1rem;\"> jest Biotech Evolution Sp\u00f3\u0142ka z ograniczon\u0105 odpowiedzialno\u015bci\u0105 z siedzib\u0105 w \u0141omiankach ul. Mokra 3C, 05-092, NIP 5252867758, REGON: 389292691, wpisanej do Rejestru Przedsi\u0119biorc\u00f3w KRS, zarejestrowana przez S\u0104D REJONOWY DLA M.ST. WARSZAWY w WARSZAWIE, XIV WYDZIA\u0141 GOSPODARCZY KRAJOWEGO REJESTRU S\u0104DOWEGO pod numerem KRS 0000903999, o kapitale zak\u0142adowym 5000 z\u0142.<\/span><\/h2>\n<p>Niniejsza polityka prywatno\u015bci zawiera informacje dotycz\u0105ce przetwarzania danych osobowych jakie mo\u017cecie nam Pa\u0144stwo udost\u0119pni\u0107 poprzez formularz kontaktowy na naszej stronie internetowej <a href=\"http:\/\/www.biotechevolution.eu\">www.biotechevolution.eu<\/a> oraz wykorzystywania plik\u00f3w cookies na tej stronie.<br \/>W sprawie swoich danych osobowych mo\u017cesz skontaktowa\u0107 si\u0119 z nami za pomoc\u0105:<\/p>\n<ul>\n<li>poczty elektronicznej: <a href=\"mailto:info@biotechevolution.eu\">info@biotechevolution.eu<\/a>,<\/li>\n<li>bezpo\u015brednio na adres firmy: ul. Mokra 3C, 05-092, \u0141omianki,<\/li>\n<li>telefonu: +48 22 1101958.<\/li>\n<\/ul>\n<h3>Podstawy Prawne do Przetwarzania Danych Osobowych<\/h3>\n<p>Przetwarzamy Pa\u0144stwa dane osobowe zgodnie ze przepisami reguluj\u0105cymi przetwarzanie danych osobowych, w tym w szczeg\u00f3lno\u015bci z rozporz\u0105dzeniem (UE) 2016\/679 Parlamentu Europejskiego i Rady z dnia 27 kwietnia 2016 r. oraz ustaw\u0105 z dnia 10 maja 2018 r. o ochronie danych osobowych.<\/p>\n<h3>Dobrowolno\u015b\u0107 Podania Danych Osobowych<\/h3>\n<p>Podanie przez Pa\u0144stwa wymaganych danych osobowych jest dobrowolne ale stanowi warunek \u015bwiadczenia przez nas us\u0142ug.<\/p>\n<h3>Grupy Odbiorc\u00f3w Pa\u0144stwa Danych Osobowych<\/h3>\n<p>Nie udost\u0119pniamy Pa\u0144stwa danych osobowych osobom trzecim w celach sprzeda\u017cowych. Odbiorcy mog\u0105 obejmowa\u0107 partner\u00f3w biznesowych i organy w\u0142adzy.<\/p>\n<h3>Pliki Cookie i Inne Narz\u0119dzia<\/h3>\n<p>Nasza strona u\u017cywa plik\u00f3w cookie i innych technologii \u015bledzenia. Uzyskiwanie i przechowywanie informacji z wykorzystaniem cookies jest mo\u017cliwe na podstawie wyra\u017cenia przez u\u017cytkownika zgody.<\/p>\n<h3>Aktualizacje w Polityce Prywatno\u015bci<\/h3>\n<p>Polityka prywatno\u015bci jest poddawana aktualizacjom zgodnie z potrzebami i obowi\u0105zuj\u0105cym prawem.<\/p>\n<h3>Contact<\/h3>\n<p>Jeste\u015bmy otwarci na wszelkie pytania dotycz\u0105ce Pa\u0144stwa danych osobowych. Prosimy o kontakt: <a href=\"mailto:info@biotechevolution.eu\">info@biotechevolution.eu<\/a><\/p>\n<\/div>\t\t\t\t\t\t\t\t<\/div>\n\t\t\t\t<\/div>\n\t\t\t\t\t<\/div>\n\t\t<\/div>\n\t\t\t\t\t<\/div>\n\t\t<\/section>\n\t\t\t\t<\/div>","protected":false},"excerpt":{"rendered":"<p>Administratorem danych osobowych jest Biotech Evolution Sp\u00f3\u0142ka z ograniczon\u0105 odpowiedzialno\u015bci\u0105 z siedzib\u0105 w \u0141omiankach ul. Mokra 3C, 05-092, NIP 5252867758, REGON: 389292691, wpisanej do Rejestru Przedsi\u0119biorc\u00f3w KRS, zarejestrowana przez S\u0104D REJONOWY DLA M.ST. WARSZAWY w WARSZAWIE, XIV WYDZIA\u0141 GOSPODARCZY KRAJOWEGO REJESTRU S\u0104DOWEGO pod numerem KRS 0000903999, o kapitale zak\u0142adowym 5000 z\u0142. Niniejsza polityka prywatno\u015bci zawiera [&hellip;]<\/p>\n","protected":false},"author":2,"featured_media":0,"parent":0,"menu_order":9,"comment_status":"closed","ping_status":"closed","template":"","meta":{"footnotes":""},"class_list":["post-3","page","type-page","status-publish","hentry"],"_links":{"self":[{"href":"https:\/\/biotechevolution.eu\/en\/wp-json\/wp\/v2\/pages\/3","targetHints":{"allow":["GET"]}}],"collection":[{"href":"https:\/\/biotechevolution.eu\/en\/wp-json\/wp\/v2\/pages"}],"about":[{"href":"https:\/\/biotechevolution.eu\/en\/wp-json\/wp\/v2\/types\/page"}],"author":[{"embeddable":true,"href":"https:\/\/biotechevolution.eu\/en\/wp-json\/wp\/v2\/users\/2"}],"replies":[{"embeddable":true,"href":"https:\/\/biotechevolution.eu\/en\/wp-json\/wp\/v2\/comments?post=3"}],"version-history":[{"count":7,"href":"https:\/\/biotechevolution.eu\/en\/wp-json\/wp\/v2\/pages\/3\/revisions"}],"predecessor-version":[{"id":1718,"href":"https:\/\/biotechevolution.eu\/en\/wp-json\/wp\/v2\/pages\/3\/revisions\/1718"}],"wp:attachment":[{"href":"https:\/\/biotechevolution.eu\/en\/wp-json\/wp\/v2\/media?parent=3"}],"curies":[{"name":"wp","href":"https:\/\/api.w.org\/{rel}","templated":true}]}}