{"id":46,"date":"2023-03-31T09:23:37","date_gmt":"2023-03-31T09:23:37","guid":{"rendered":"https:\/\/apteo.co.uk\/bio\/?page_id=46"},"modified":"2023-05-15T13:58:58","modified_gmt":"2023-05-15T11:58:58","slug":"marki-wlasne","status":"publish","type":"page","link":"https:\/\/biotechevolution.eu\/en\/marki-wlasne\/","title":{"rendered":"Our Brand"},"content":{"rendered":"<div data-elementor-type=\"wp-page\" data-elementor-id=\"46\" class=\"elementor elementor-46\" data-elementor-post-type=\"page\">\n\t\t\t\t\t\t<section class=\"elementor-section elementor-top-section elementor-element elementor-element-d9b11bf elementor-section-boxed elementor-section-height-default elementor-section-height-default\" data-id=\"d9b11bf\" data-element_type=\"section\" data-e-type=\"section\">\n\t\t\t\t\t\t<div class=\"elementor-container elementor-column-gap-default\">\n\t\t\t\t\t<div class=\"elementor-column elementor-col-100 elementor-top-column elementor-element elementor-element-8bbc03d\" data-id=\"8bbc03d\" data-element_type=\"column\" data-e-type=\"column\">\n\t\t\t<div class=\"elementor-widget-wrap elementor-element-populated\">\n\t\t\t\t\t\t<div class=\"elementor-element elementor-element-a4bbd86 elementor-skin-coverflow elementor-arrows-yes elementor-pagination-type-bullets elementor-pagination-position-outside elementor-widget elementor-widget-media-carousel\" data-id=\"a4bbd86\" data-element_type=\"widget\" data-e-type=\"widget\" data-settings=\"{&quot;skin&quot;:&quot;coverflow&quot;,&quot;lazyload&quot;:&quot;yes&quot;,&quot;show_arrows&quot;:&quot;yes&quot;,&quot;pagination&quot;:&quot;bullets&quot;,&quot;speed&quot;:500,&quot;autoplay&quot;:&quot;yes&quot;,&quot;autoplay_speed&quot;:5000,&quot;loop&quot;:&quot;yes&quot;,&quot;pause_on_hover&quot;:&quot;yes&quot;,&quot;pause_on_interaction&quot;:&quot;yes&quot;,&quot;space_between&quot;:{&quot;unit&quot;:&quot;px&quot;,&quot;size&quot;:10,&quot;sizes&quot;:[]},&quot;space_between_tablet&quot;:{&quot;unit&quot;:&quot;px&quot;,&quot;size&quot;:10,&quot;sizes&quot;:[]},&quot;space_between_mobile&quot;:{&quot;unit&quot;:&quot;px&quot;,&quot;size&quot;:10,&quot;sizes&quot;:[]}}\" data-widget_type=\"media-carousel.default\">\n\t\t\t\t<div class=\"elementor-widget-container\">\n\t\t\t\t\t\t\t\t\t<div class=\"elementor-swiper\">\n\t\t\t\t\t<div class=\"elementor-main-swiper swiper\" role=\"region\" aria-roledescription=\"carousel\" aria-label=\"Slajdy\">\n\t\t\t\t<div class=\"swiper-wrapper\">\n\t\t\t\t\t\t\t\t\t\t\t<div class=\"swiper-slide\" role=\"group\" aria-roledescription=\"slide\">\n\t\t\t\t\t\t\t<a href=\"https:\/\/hempevolution.eu\/\">\t\t<div class=\"elementor-carousel-image swiper-lazy\" role=\"img\" aria-label=\"BiotechEvolution Ekstracja CO2\" data-background=\"https:\/\/biotechevolution.eu\/wp-content\/uploads\/2023\/04\/Immune-768x768.png\">\n\n\t\t\t\t\t\t\t<div class=\"swiper-lazy-preloader\"><\/div>\n\t\t\t\n\t\t\t\t\t<\/div>\n\t\t<\/a>\t\t\t\t\t\t<\/div>\n\t\t\t\t\t\t\t\t\t\t\t<div class=\"swiper-slide\" role=\"group\" aria-roledescription=\"slide\">\n\t\t\t\t\t\t\t<a href=\"https:\/\/hempevolution.eu\/\">\t\t<div class=\"elementor-carousel-image swiper-lazy\" role=\"img\" aria-label=\"BiotechEvolution Ekstracja CO2\" data-background=\"https:\/\/biotechevolution.eu\/wp-content\/uploads\/2023\/04\/Good_Night-768x768.png\">\n\n\t\t\t\t\t\t\t<div class=\"swiper-lazy-preloader\"><\/div>\n\t\t\t\n\t\t\t\t\t<\/div>\n\t\t<\/a>\t\t\t\t\t\t<\/div>\n\t\t\t\t\t\t\t\t\t\t\t<div class=\"swiper-slide\" role=\"group\" aria-roledescription=\"slide\">\n\t\t\t\t\t\t\t<a href=\"https:\/\/hempevolution.eu\/\">\t\t<div class=\"elementor-carousel-image swiper-lazy\" role=\"img\" aria-label=\"BiotechEvolution Ekstracja CO2\" data-background=\"https:\/\/biotechevolution.eu\/wp-content\/uploads\/2023\/04\/1000-raw-768x768.jpg\">\n\n\t\t\t\t\t\t\t<div class=\"swiper-lazy-preloader\"><\/div>\n\t\t\t\n\t\t\t\t\t<\/div>\n\t\t<\/a>\t\t\t\t\t\t<\/div>\n\t\t\t\t\t\t\t\t\t\t\t<div class=\"swiper-slide\" role=\"group\" aria-roledescription=\"slide\">\n\t\t\t\t\t\t\t<a href=\"https:\/\/hempevolution.eu\/\">\t\t<div class=\"elementor-carousel-image swiper-lazy\" role=\"img\" aria-label=\"BiotechEvolution Ekstracja CO2\" data-background=\"https:\/\/biotechevolution.eu\/wp-content\/uploads\/2023\/04\/1000-premium-768x768.jpg\">\n\n\t\t\t\t\t\t\t<div class=\"swiper-lazy-preloader\"><\/div>\n\t\t\t\n\t\t\t\t\t<\/div>\n\t\t<\/a>\t\t\t\t\t\t<\/div>\n\t\t\t\t\t\t\t\t\t\t\t<div class=\"swiper-slide\" role=\"group\" aria-roledescription=\"slide\">\n\t\t\t\t\t\t\t<a href=\"https:\/\/hempevolution.eu\/\">\t\t<div class=\"elementor-carousel-image swiper-lazy\" role=\"img\" aria-label=\"BiotechEvolution Ekstracja CO2\" data-background=\"https:\/\/biotechevolution.eu\/wp-content\/uploads\/2023\/04\/500-raw-768x768.jpg\">\n\n\t\t\t\t\t\t\t<div class=\"swiper-lazy-preloader\"><\/div>\n\t\t\t\n\t\t\t\t\t<\/div>\n\t\t<\/a>\t\t\t\t\t\t<\/div>\n\t\t\t\t\t\t\t\t\t\t\t<div class=\"swiper-slide\" role=\"group\" aria-roledescription=\"slide\">\n\t\t\t\t\t\t\t<a href=\"https:\/\/hempevolution.eu\/\">\t\t<div class=\"elementor-carousel-image swiper-lazy\" role=\"img\" aria-label=\"BiotechEvolution Ekstracja CO2\" data-background=\"https:\/\/biotechevolution.eu\/wp-content\/uploads\/2023\/04\/500-premium-768x768.jpg\">\n\n\t\t\t\t\t\t\t<div class=\"swiper-lazy-preloader\"><\/div>\n\t\t\t\n\t\t\t\t\t<\/div>\n\t\t<\/a>\t\t\t\t\t\t<\/div>\n\t\t\t\t\t\t\t\t\t\t\t<div class=\"swiper-slide\" role=\"group\" aria-roledescription=\"slide\">\n\t\t\t\t\t\t\t<a href=\"https:\/\/hempevolution.eu\/\">\t\t<div class=\"elementor-carousel-image swiper-lazy\" role=\"img\" aria-label=\"BiotechEvolution Ekstracja CO2\" data-background=\"https:\/\/biotechevolution.eu\/wp-content\/uploads\/2023\/04\/1500-RAW-768x768.jpg\">\n\n\t\t\t\t\t\t\t<div class=\"swiper-lazy-preloader\"><\/div>\n\t\t\t\n\t\t\t\t\t<\/div>\n\t\t<\/a>\t\t\t\t\t\t<\/div>\n\t\t\t\t\t\t\t\t\t\t\t<div class=\"swiper-slide\" role=\"group\" aria-roledescription=\"slide\">\n\t\t\t\t\t\t\t<a href=\"https:\/\/hempevolution.eu\/\">\t\t<div class=\"elementor-carousel-image swiper-lazy\" role=\"img\" aria-label=\"BiotechEvolution Ekstracja CO2\" data-background=\"https:\/\/biotechevolution.eu\/wp-content\/uploads\/2023\/04\/300-premium-768x768.jpg\">\n\n\t\t\t\t\t\t\t<div class=\"swiper-lazy-preloader\"><\/div>\n\t\t\t\n\t\t\t\t\t<\/div>\n\t\t<\/a>\t\t\t\t\t\t<\/div>\n\t\t\t\t\t\t\t\t\t<\/div>\n\t\t\t\t\t\t\t\t\t\t\t\t\t\t\t<div class=\"elementor-swiper-button elementor-swiper-button-prev\" role=\"button\" tabindex=\"0\" aria-label=\"Previous\">\n\t\t\t\t\t\t\t<svg aria-hidden=\"true\" class=\"e-font-icon-svg e-eicon-chevron-left\" viewbox=\"0 0 1000 1000\" xmlns=\"http:\/\/www.w3.org\/2000\/svg\"><path d=\"M646 125C629 125 613 133 604 142L308 442C296 454 292 471 292 487 292 504 296 521 308 533L604 854C617 867 629 875 646 875 663 875 679 871 692 858 704 846 713 829 713 812 713 796 708 779 692 767L438 487 692 225C700 217 708 204 708 187 708 171 704 154 692 142 675 129 663 125 646 125Z\"><\/path><\/svg>\t\t\t\t\t\t<\/div>\n\t\t\t\t\t\t<div class=\"elementor-swiper-button elementor-swiper-button-next\" role=\"button\" tabindex=\"0\" aria-label=\"Next\">\n\t\t\t\t\t\t\t<svg aria-hidden=\"true\" class=\"e-font-icon-svg e-eicon-chevron-right\" viewbox=\"0 0 1000 1000\" xmlns=\"http:\/\/www.w3.org\/2000\/svg\"><path d=\"M696 533C708 521 713 504 713 487 713 471 708 454 696 446L400 146C388 133 375 125 354 125 338 125 325 129 313 142 300 154 292 171 292 187 292 204 296 221 308 233L563 492 304 771C292 783 288 800 288 817 288 833 296 850 308 863 321 871 338 875 354 875 371 875 388 867 400 854L696 533Z\"><\/path><\/svg>\t\t\t\t\t\t<\/div>\n\t\t\t\t\t\t\t\t\t\t\t\t\t\t\t\t<div class=\"swiper-pagination\"><\/div>\n\t\t\t\t\t\t\t\t\t\t\t\t<\/div>\n\t\t\t\t<\/div>\n\t\t\t\t\t\t\t\t<\/div>\n\t\t\t\t<\/div>\n\t\t\t\t\t<\/div>\n\t\t<\/div>\n\t\t\t\t\t<\/div>\n\t\t<\/section>\n\t\t\t\t<section class=\"elementor-section elementor-top-section elementor-element elementor-element-25d13d5 elementor-section-boxed elementor-section-height-default elementor-section-height-default\" data-id=\"25d13d5\" data-element_type=\"section\" data-e-type=\"section\">\n\t\t\t\t\t\t<div class=\"elementor-container elementor-column-gap-default\">\n\t\t\t\t\t<div class=\"elementor-column elementor-col-100 elementor-top-column elementor-element elementor-element-431e38d\" data-id=\"431e38d\" data-element_type=\"column\" data-e-type=\"column\">\n\t\t\t<div class=\"elementor-widget-wrap elementor-element-populated\">\n\t\t\t\t\t\t<div class=\"elementor-element elementor-element-e0c3dd0 elementor-widget-divider--view-line_text elementor-widget-divider--element-align-left elementor-widget elementor-widget-divider\" data-id=\"e0c3dd0\" data-element_type=\"widget\" data-e-type=\"widget\" data-widget_type=\"divider.default\">\n\t\t\t\t<div class=\"elementor-widget-container\">\n\t\t\t\t\t\t\t<div class=\"elementor-divider\">\n\t\t\t<span class=\"elementor-divider-separator\">\n\t\t\t\t\t\t\t<span class=\"elementor-divider__text elementor-divider__element\">\n\t\t\t\tDISCOVER OUR  <b>POSSIBILITIES<\/b>\t\t\t\t<\/span>\n\t\t\t\t\t\t<\/span>\n\t\t<\/div>\n\t\t\t\t\t\t<\/div>\n\t\t\t\t<\/div>\n\t\t\t\t\t<\/div>\n\t\t<\/div>\n\t\t\t\t\t<\/div>\n\t\t<\/section>\n\t\t\t\t<section class=\"elementor-section elementor-top-section elementor-element elementor-element-5149979 elementor-section-boxed elementor-section-height-default elementor-section-height-default\" data-id=\"5149979\" data-element_type=\"section\" data-e-type=\"section\">\n\t\t\t\t\t\t<div class=\"elementor-container elementor-column-gap-default\">\n\t\t\t\t\t<div class=\"elementor-column elementor-col-100 elementor-top-column elementor-element elementor-element-d0a4f9b\" data-id=\"d0a4f9b\" data-element_type=\"column\" data-e-type=\"column\">\n\t\t\t<div class=\"elementor-widget-wrap elementor-element-populated\">\n\t\t\t\t\t\t<div class=\"elementor-element elementor-element-c956e38 elementor-grid-4 elementor-grid-tablet-2 elementor-grid-mobile-1 elementor-widget elementor-widget-portfolio\" data-id=\"c956e38\" data-element_type=\"widget\" data-e-type=\"widget\" data-settings=\"{&quot;columns&quot;:&quot;4&quot;,&quot;row_gap&quot;:{&quot;unit&quot;:&quot;px&quot;,&quot;size&quot;:10,&quot;sizes&quot;:[]},&quot;columns_tablet&quot;:&quot;2&quot;,&quot;columns_mobile&quot;:&quot;1&quot;,&quot;item_ratio&quot;:{&quot;unit&quot;:&quot;px&quot;,&quot;size&quot;:0.66,&quot;sizes&quot;:[]},&quot;item_gap&quot;:{&quot;unit&quot;:&quot;px&quot;,&quot;size&quot;:&quot;&quot;,&quot;sizes&quot;:[]}}\" data-widget_type=\"portfolio.default\">\n\t\t\t\t<div class=\"elementor-widget-container\">\n\t\t\t\t\t\t\t<div class=\"elementor-portfolio elementor-grid elementor-posts-container\" role=\"list\">\n\t\t\t\t<article class=\"elementor-portfolio-item elementor-post  post-1401 post type-post status-publish format-standard has-post-thumbnail hentry category-produkcja-kontraktowa\" role=\"listitem\">\n\t\t\t<a class=\"elementor-post__thumbnail__link\" href=\"https:\/\/biotechevolution.eu\/en\/produkcja-olejkow-eterycznych\/\">\n\t\t\t\t<div class=\"elementor-portfolio-item__img elementor-post__thumbnail\">\n\t\t\t<img fetchpriority=\"high\" decoding=\"async\" width=\"300\" height=\"200\" src=\"https:\/\/biotechevolution.eu\/wp-content\/uploads\/2023\/03\/Hemp_Evolution_Day-2_1686_produkty-konopne-300x200.jpg\" class=\"attachment-medium size-medium wp-image-1452\" alt=\"Produkcja olejk\u00f3w eterycznych BiotechEvolution Ekstracja CO2\" srcset=\"https:\/\/biotechevolution.eu\/wp-content\/uploads\/2023\/03\/Hemp_Evolution_Day-2_1686_produkty-konopne-300x200.jpg 300w, https:\/\/biotechevolution.eu\/wp-content\/uploads\/2023\/03\/Hemp_Evolution_Day-2_1686_produkty-konopne-800x533.jpg 800w, https:\/\/biotechevolution.eu\/wp-content\/uploads\/2023\/03\/Hemp_Evolution_Day-2_1686_produkty-konopne-768x512.jpg 768w, https:\/\/biotechevolution.eu\/wp-content\/uploads\/2023\/03\/Hemp_Evolution_Day-2_1686_produkty-konopne.jpg 1280w\" sizes=\"(max-width: 300px) 100vw, 300px\" \/>\t\t<\/div>\n\t\t\t\t<div class=\"elementor-portfolio-item__overlay\">\n\t\t\t\t<h3 class=\"elementor-portfolio-item__title\">\n\t\tManufacture of essential oils and plant extracts\t\t<\/h3>\n\t\t\t\t<\/div>\n\t\t\t\t<\/a>\n\t\t<\/article>\n\t\t\t\t<article class=\"elementor-portfolio-item elementor-post  post-208 post type-post status-publish format-standard has-post-thumbnail hentry category-produkcja-kontraktowa\" role=\"listitem\">\n\t\t\t<a class=\"elementor-post__thumbnail__link\" href=\"https:\/\/biotechevolution.eu\/en\/analizy-chromatograficzne-hplc\/\">\n\t\t\t\t<div class=\"elementor-portfolio-item__img elementor-post__thumbnail\">\n\t\t\t<img decoding=\"async\" width=\"300\" height=\"169\" src=\"https:\/\/biotechevolution.eu\/wp-content\/uploads\/2023\/03\/Hemp-300x169.jpg\" class=\"attachment-medium size-medium wp-image-210\" alt=\"Analizy chromatograficzne HPLC\" srcset=\"https:\/\/biotechevolution.eu\/wp-content\/uploads\/2023\/03\/Hemp-300x169.jpg 300w, https:\/\/biotechevolution.eu\/wp-content\/uploads\/2023\/03\/Hemp-1024x576.jpg 1024w, https:\/\/biotechevolution.eu\/wp-content\/uploads\/2023\/03\/Hemp-768x432.jpg 768w, https:\/\/biotechevolution.eu\/wp-content\/uploads\/2023\/03\/Hemp.jpg 1200w\" sizes=\"(max-width: 300px) 100vw, 300px\" \/>\t\t<\/div>\n\t\t\t\t<div class=\"elementor-portfolio-item__overlay\">\n\t\t\t\t<h3 class=\"elementor-portfolio-item__title\">\n\t\tHPLC Chromatographic analyses\t\t<\/h3>\n\t\t\t\t<\/div>\n\t\t\t\t<\/a>\n\t\t<\/article>\n\t\t\t\t<article class=\"elementor-portfolio-item elementor-post  post-206 post type-post status-publish format-standard has-post-thumbnail hentry category-produkcja-kontraktowa\" role=\"listitem\">\n\t\t\t<a class=\"elementor-post__thumbnail__link\" href=\"https:\/\/biotechevolution.eu\/en\/opracowywanie-receptur\/\">\n\t\t\t\t<div class=\"elementor-portfolio-item__img elementor-post__thumbnail\">\n\t\t\t<img decoding=\"async\" width=\"300\" height=\"266\" src=\"https:\/\/biotechevolution.eu\/wp-content\/uploads\/2023\/03\/Hemp_Evolution_Day-2_1640_opracowanie-receptur-300x266.jpg\" class=\"attachment-medium size-medium wp-image-1445\" alt=\"BiotechEvolution Ekstracja CO2\" srcset=\"https:\/\/biotechevolution.eu\/wp-content\/uploads\/2023\/03\/Hemp_Evolution_Day-2_1640_opracowanie-receptur-300x266.jpg 300w, https:\/\/biotechevolution.eu\/wp-content\/uploads\/2023\/03\/Hemp_Evolution_Day-2_1640_opracowanie-receptur-800x710.jpg 800w, https:\/\/biotechevolution.eu\/wp-content\/uploads\/2023\/03\/Hemp_Evolution_Day-2_1640_opracowanie-receptur-768x681.jpg 768w, https:\/\/biotechevolution.eu\/wp-content\/uploads\/2023\/03\/Hemp_Evolution_Day-2_1640_opracowanie-receptur-1536x1363.jpg 1536w, https:\/\/biotechevolution.eu\/wp-content\/uploads\/2023\/03\/Hemp_Evolution_Day-2_1640_opracowanie-receptur-2048x1817.jpg 2048w\" sizes=\"(max-width: 300px) 100vw, 300px\" \/>\t\t<\/div>\n\t\t\t\t<div class=\"elementor-portfolio-item__overlay\">\n\t\t\t\t<h3 class=\"elementor-portfolio-item__title\">\n\t\tFormulas development\t\t<\/h3>\n\t\t\t\t<\/div>\n\t\t\t\t<\/a>\n\t\t<\/article>\n\t\t\t\t<article class=\"elementor-portfolio-item elementor-post  post-204 post type-post status-publish format-standard has-post-thumbnail hentry category-produkcja-kontraktowa\" role=\"listitem\">\n\t\t\t<a class=\"elementor-post__thumbnail__link\" href=\"https:\/\/biotechevolution.eu\/en\/produkcja-kontraktowa\/\">\n\t\t\t\t<div class=\"elementor-portfolio-item__img elementor-post__thumbnail\">\n\t\t\t<img loading=\"lazy\" decoding=\"async\" width=\"300\" height=\"172\" src=\"https:\/\/biotechevolution.eu\/wp-content\/uploads\/2023\/03\/Hemp_Evolution_Day-2_1575_produkcja-kontraktowa-300x172.jpg\" class=\"attachment-medium size-medium wp-image-1449\" alt=\"produkcja kontraktowa BiotechEvolution Ekstracja CO2\" srcset=\"https:\/\/biotechevolution.eu\/wp-content\/uploads\/2023\/03\/Hemp_Evolution_Day-2_1575_produkcja-kontraktowa-300x172.jpg 300w, https:\/\/biotechevolution.eu\/wp-content\/uploads\/2023\/03\/Hemp_Evolution_Day-2_1575_produkcja-kontraktowa-800x459.jpg 800w, https:\/\/biotechevolution.eu\/wp-content\/uploads\/2023\/03\/Hemp_Evolution_Day-2_1575_produkcja-kontraktowa-768x441.jpg 768w, https:\/\/biotechevolution.eu\/wp-content\/uploads\/2023\/03\/Hemp_Evolution_Day-2_1575_produkcja-kontraktowa.jpg 1280w\" sizes=\"(max-width: 300px) 100vw, 300px\" \/>\t\t<\/div>\n\t\t\t\t<div class=\"elementor-portfolio-item__overlay\">\n\t\t\t\t<h3 class=\"elementor-portfolio-item__title\">\n\t\tContract Manufacturing\t\t<\/h3>\n\t\t\t\t<\/div>\n\t\t\t\t<\/a>\n\t\t<\/article>\n\t\t\t\t<\/div>\n\t\t\t\t\t\t<\/div>\n\t\t\t\t<\/div>\n\t\t\t\t\t<\/div>\n\t\t<\/div>\n\t\t\t\t\t<\/div>\n\t\t<\/section>\n\t\t\t\t<\/div>","protected":false},"excerpt":{"rendered":"<p>Poprzedni Nast\u0119pny POZNAJ NASZE MO\u017bLIWO\u015aCI<\/p>","protected":false},"author":2,"featured_media":0,"parent":0,"menu_order":7,"comment_status":"closed","ping_status":"closed","template":"","meta":{"footnotes":""},"class_list":["post-46","page","type-page","status-publish","hentry"],"_links":{"self":[{"href":"https:\/\/biotechevolution.eu\/en\/wp-json\/wp\/v2\/pages\/46","targetHints":{"allow":["GET"]}}],"collection":[{"href":"https:\/\/biotechevolution.eu\/en\/wp-json\/wp\/v2\/pages"}],"about":[{"href":"https:\/\/biotechevolution.eu\/en\/wp-json\/wp\/v2\/types\/page"}],"author":[{"embeddable":true,"href":"https:\/\/biotechevolution.eu\/en\/wp-json\/wp\/v2\/users\/2"}],"replies":[{"embeddable":true,"href":"https:\/\/biotechevolution.eu\/en\/wp-json\/wp\/v2\/comments?post=46"}],"version-history":[{"count":15,"href":"https:\/\/biotechevolution.eu\/en\/wp-json\/wp\/v2\/pages\/46\/revisions"}],"predecessor-version":[{"id":1607,"href":"https:\/\/biotechevolution.eu\/en\/wp-json\/wp\/v2\/pages\/46\/revisions\/1607"}],"wp:attachment":[{"href":"https:\/\/biotechevolution.eu\/en\/wp-json\/wp\/v2\/media?parent=46"}],"curies":[{"name":"wp","href":"https:\/\/api.w.org\/{rel}","templated":true}]}}